{"id":1297,"date":"2025-03-10T09:48:12","date_gmt":"2025-03-10T12:48:12","guid":{"rendered":"https:\/\/metaforumbrasil.com\/?page_id=1297"},"modified":"2026-01-09T09:52:48","modified_gmt":"2026-01-09T12:52:48","slug":"luana-clara-nunes-trentin","status":"publish","type":"page","link":"https:\/\/metaforumbrasil.com\/?page_id=1297","title":{"rendered":"Luana Clara Nunes Trentin"},"content":{"rendered":"\t\t<div data-elementor-type=\"wp-page\" data-elementor-id=\"1297\" class=\"elementor elementor-1297\">\n\t\t\t\t<div class=\"elementor-element elementor-element-5be54663 e-flex e-con-boxed wpr-particle-no wpr-jarallax-no wpr-parallax-no wpr-sticky-section-no e-con e-parent\" data-id=\"5be54663\" data-element_type=\"container\" data-settings=\"{&quot;background_background&quot;:&quot;classic&quot;}\">\n\t\t\t\t\t<div class=\"e-con-inner\">\n\t\t<div class=\"elementor-element elementor-element-4280adbf e-flex e-con-boxed wpr-particle-no wpr-jarallax-no wpr-parallax-no wpr-sticky-section-no e-con e-child\" data-id=\"4280adbf\" data-element_type=\"container\" data-settings=\"{&quot;background_background&quot;:&quot;classic&quot;}\">\n\t\t\t\t\t<div class=\"e-con-inner\">\n\t\t\t\t<div class=\"elementor-element elementor-element-68766f6f elementor-invisible elementor-widget elementor-widget-heading\" data-id=\"68766f6f\" data-element_type=\"widget\" data-settings=\"{&quot;_animation&quot;:&quot;fadeInDown&quot;,&quot;_animation_delay&quot;:200}\" data-widget_type=\"heading.default\">\n\t\t\t\t<div class=\"elementor-widget-container\">\n\t\t\t\t\t<h1 class=\"elementor-heading-title elementor-size-default\">Conhe\u00e7a Luana Clara Nunes Trentin <\/h1>\t\t\t\t<\/div>\n\t\t\t\t<\/div>\n\t\t\t\t<div class=\"elementor-element elementor-element-5c46225f elementor-invisible elementor-widget elementor-widget-heading\" data-id=\"5c46225f\" data-element_type=\"widget\" data-settings=\"{&quot;_animation&quot;:&quot;fadeInUp&quot;,&quot;_animation_delay&quot;:300}\" data-widget_type=\"heading.default\">\n\t\t\t\t<div class=\"elementor-widget-container\">\n\t\t\t\t\t<h4 class=\"elementor-heading-title elementor-size-default\">CEO e Gestora do Metaforum Brasil. Turism\u00f3loga com P\u00f3s Gradua\u00e7\u00e3o e MBA em Gest\u00e3o em Empresarial.<\/h4>\t\t\t\t<\/div>\n\t\t\t\t<\/div>\n\t\t\t\t\t<\/div>\n\t\t\t\t<\/div>\n\t\t\t\t\t<\/div>\n\t\t\t\t<\/div>\n\t\t<div class=\"elementor-element elementor-element-5a433afb e-flex e-con-boxed wpr-particle-no wpr-jarallax-no wpr-parallax-no wpr-sticky-section-no e-con e-parent\" data-id=\"5a433afb\" data-element_type=\"container\">\n\t\t\t\t\t<div class=\"e-con-inner\">\n\t\t<div class=\"elementor-element elementor-element-4f8966a5 e-con-full e-flex wpr-particle-no wpr-jarallax-no wpr-parallax-no wpr-sticky-section-no elementor-invisible e-con e-child\" data-id=\"4f8966a5\" data-element_type=\"container\" data-settings=\"{&quot;animation&quot;:&quot;fadeInLeft&quot;}\">\n\t\t\t\t<div class=\"elementor-element elementor-element-4b0713df elementor-widget elementor-widget-image\" data-id=\"4b0713df\" data-element_type=\"widget\" data-widget_type=\"image.default\">\n\t\t\t\t<div class=\"elementor-widget-container\">\n\t\t\t\t\t\t\t\t\t\t\t\t\t\t\t<img fetchpriority=\"high\" decoding=\"async\" width=\"1280\" height=\"1922\" src=\"https:\/\/metaforumbrasil.com\/wp-content\/uploads\/2025\/03\/metaforum-brasil-LUANA-TRENTIN-a.jpg\" class=\"attachment-full size-full wp-image-1339\" alt=\"\" srcset=\"https:\/\/metaforumbrasil.com\/wp-content\/uploads\/2025\/03\/metaforum-brasil-LUANA-TRENTIN-a.jpg 1280w, https:\/\/metaforumbrasil.com\/wp-content\/uploads\/2025\/03\/metaforum-brasil-LUANA-TRENTIN-a-200x300.jpg 200w, https:\/\/metaforumbrasil.com\/wp-content\/uploads\/2025\/03\/metaforum-brasil-LUANA-TRENTIN-a-682x1024.jpg 682w, https:\/\/metaforumbrasil.com\/wp-content\/uploads\/2025\/03\/metaforum-brasil-LUANA-TRENTIN-a-768x1153.jpg 768w, https:\/\/metaforumbrasil.com\/wp-content\/uploads\/2025\/03\/metaforum-brasil-LUANA-TRENTIN-a-1023x1536.jpg 1023w\" sizes=\"(max-width: 1280px) 100vw, 1280px\" \/>\t\t\t\t\t\t\t\t\t\t\t\t\t\t\t<\/div>\n\t\t\t\t<\/div>\n\t\t\t\t<\/div>\n\t\t<div class=\"elementor-element elementor-element-5e95c2a3 e-con-full e-flex wpr-particle-no wpr-jarallax-no wpr-parallax-no wpr-sticky-section-no elementor-invisible e-con e-child\" data-id=\"5e95c2a3\" data-element_type=\"container\" data-settings=\"{&quot;animation&quot;:&quot;fadeInRight&quot;}\">\n\t\t\t\t<div class=\"elementor-element elementor-element-68535edc elementor-widget elementor-widget-heading\" data-id=\"68535edc\" data-element_type=\"widget\" data-widget_type=\"heading.default\">\n\t\t\t\t<div class=\"elementor-widget-container\">\n\t\t\t\t\t<h6 class=\"elementor-heading-title elementor-size-default\">sobre mim<\/h6>\t\t\t\t<\/div>\n\t\t\t\t<\/div>\n\t\t\t\t<div class=\"elementor-element elementor-element-7c28ee64 elementor-widget elementor-widget-text-editor\" data-id=\"7c28ee64\" data-element_type=\"widget\" data-widget_type=\"text-editor.default\">\n\t\t\t\t<div class=\"elementor-widget-container\">\n\t\t\t\t\t\t\t\t\t<p>Sou Luana Trentin, turism\u00f3loga com P\u00f3s-Gradua\u00e7\u00e3o e MBA em Gest\u00e3o Empresarial, dedicada \u00e0 ess\u00eancia do desenvolvimento humano e espiritual.<\/p><p>Desde 2014, quando fui apresentada ao Metaforum por minha tia Cec\u00edlia Costa, minha vida se entrela\u00e7ou com este projeto, guiado por Bernd Isert \u2014 que me acolheu, confiou e ensinou profundamente.<\/p><p>Com o cora\u00e7\u00e3o nas m\u00e3os e os p\u00e9s na terra, sigo construindo, aprendendo e entregando cada passo ao prop\u00f3sito que me escolheu.<\/p>\t\t\t\t\t\t\t\t<\/div>\n\t\t\t\t<\/div>\n\t\t\t\t<\/div>\n\t\t\t\t\t<\/div>\n\t\t\t\t<\/div>\n\t\t<div class=\"elementor-element elementor-element-43cbf5fc e-flex e-con-boxed wpr-particle-no wpr-jarallax-no wpr-parallax-no wpr-sticky-section-no e-con e-parent\" data-id=\"43cbf5fc\" data-element_type=\"container\" data-settings=\"{&quot;background_background&quot;:&quot;classic&quot;}\">\n\t\t\t\t\t<div class=\"e-con-inner\">\n\t\t<div class=\"elementor-element elementor-element-7b2e6681 e-con-full e-flex wpr-particle-no wpr-jarallax-no wpr-parallax-no wpr-sticky-section-no e-con e-child\" data-id=\"7b2e6681\" data-element_type=\"container\">\n\t\t<div class=\"elementor-element elementor-element-4ce08b1 e-flex e-con-boxed wpr-particle-no wpr-jarallax-no wpr-parallax-no wpr-sticky-section-no elementor-invisible e-con e-child\" data-id=\"4ce08b1\" data-element_type=\"container\" data-settings=\"{&quot;background_background&quot;:&quot;classic&quot;,&quot;animation&quot;:&quot;fadeInLeft&quot;}\">\n\t\t\t\t\t<div class=\"e-con-inner\">\n\t\t\t\t<div class=\"elementor-element elementor-element-61075117 elementor-widget elementor-widget-heading\" data-id=\"61075117\" data-element_type=\"widget\" data-widget_type=\"heading.default\">\n\t\t\t\t<div class=\"elementor-widget-container\">\n\t\t\t\t\t<h3 class=\"elementor-heading-title elementor-size-default\">Iniciei atendendo clientes e, ao sentir que encontrei meu lugar, mergulhei de cora\u00e7\u00e3o na miss\u00e3o do Metaforum.<\/h3>\t\t\t\t<\/div>\n\t\t\t\t<\/div>\n\t\t\t\t<div class=\"elementor-element elementor-element-4acba26c elementor-widget elementor-widget-text-editor\" data-id=\"4acba26c\" data-element_type=\"widget\" data-widget_type=\"text-editor.default\">\n\t\t\t\t<div class=\"elementor-widget-container\">\n\t\t\t\t\t\t\t\t\t<p>Ao longo de uma d\u00e9cada, cresci sob a orienta\u00e7\u00e3o de mestres como Bernd Isert, Cec\u00edlia Costa, Zeca Ruiz, Dominik, Cl\u00e9cia e Gunther \u2014 cada encontro refor\u00e7ando minha gratid\u00e3o e compromisso.<\/p><p>Atualmente, sou psicoterapeuta, gestora e CEO do Metaforum Brasil, atuando como \u00fanica propriet\u00e1ria e mantenedora da institui\u00e7\u00e3o.<\/p>\t\t\t\t\t\t\t\t<\/div>\n\t\t\t\t<\/div>\n\t\t\t\t\t<\/div>\n\t\t\t\t<\/div>\n\t\t\t\t<\/div>\n\t\t\t\t\t<\/div>\n\t\t\t\t<\/div>\n\t\t<div class=\"elementor-element elementor-element-6454881a e-con-full e-flex wpr-particle-no wpr-jarallax-no wpr-parallax-no wpr-sticky-section-no e-con e-parent\" data-id=\"6454881a\" data-element_type=\"container\" data-settings=\"{&quot;background_background&quot;:&quot;classic&quot;}\">\n\t\t<div class=\"elementor-element elementor-element-5340574f e-con-full e-flex wpr-particle-no wpr-jarallax-no wpr-parallax-no wpr-sticky-section-no elementor-invisible e-con e-child\" data-id=\"5340574f\" data-element_type=\"container\" data-settings=\"{&quot;animation&quot;:&quot;fadeInLeft&quot;}\">\n\t\t\t\t<div class=\"elementor-element elementor-element-2589f8c3 elementor-widget elementor-widget-heading\" data-id=\"2589f8c3\" data-element_type=\"widget\" data-widget_type=\"heading.default\">\n\t\t\t\t<div class=\"elementor-widget-container\">\n\t\t\t\t\t<h4 class=\"elementor-heading-title elementor-size-default\">Nada disso seria poss\u00edvel, sem a minha fam\u00edlia \u2013 meu marido e filhas que al\u00e9m de me apoiarem tamb\u00e9m fazem parte deste crescimento. <\/h4>\t\t\t\t<\/div>\n\t\t\t\t<\/div>\n\t\t\t\t<div class=\"elementor-element elementor-element-9743406 elementor-widget elementor-widget-text-editor\" data-id=\"9743406\" data-element_type=\"widget\" data-widget_type=\"text-editor.default\">\n\t\t\t\t<div class=\"elementor-widget-container\">\n\t\t\t\t\t\t\t\t\t<p>Autenticidade e humanidade s\u00e3o a base do meu trabalho: me vejo como um canal vivo que acolhe, escuta e conecta cora\u00e7\u00f5es e almas.<\/p><p>A espiritualidade \u00e9 parte vital \u2013 mantenho meu cora\u00e7\u00e3o conectado a Deus e aos guias espirituais, reconhecendo neles luz e orienta\u00e7\u00e3o.<\/p><p>Vivo com dedica\u00e7\u00e3o plena a uma frase que traduza meu ethos:<\/p><p><strong>\u201cAo Senhor, toda a honra, gl\u00f3ria e louvor. Que sua gra\u00e7a me guie, sua sabedoria me ensine e seu amor me transforme a cada dia.\u201d\u00a0<\/strong><\/p><p>Lidero uma comunidade formada por mestres, treinadores, equipe t\u00e9cnica e participantes, unidos por um prop\u00f3sito maior: desenvolver pessoas e neg\u00f3cios com consci\u00eancia, bem-estar, profundidade sist\u00eamica e evolu\u00e7\u00e3o para a Nova Era e dar continuidade a pot\u00eancia do Campo Metaforum criada pelo Bernd Isert e seguir com o legado.<\/p><p>Estou rodeada por uma equipe de confian\u00e7a:<\/p><ul><li>Marcelo Ricardo \u2013 Produ\u00e7\u00e3o<\/li><li>Equipe WTND \u2013 Marketing e Social M\u00eddia. E muitos outros que caminham com cora\u00e7\u00e3o aberto.<\/li><\/ul>\t\t\t\t\t\t\t\t<\/div>\n\t\t\t\t<\/div>\n\t\t\t\t<\/div>\n\t\t\t\t<div class=\"elementor-element elementor-element-19cfcf24 elementor-widget__width-initial elementor-widget-mobile__width-inherit elementor-invisible elementor-widget elementor-widget-image\" data-id=\"19cfcf24\" data-element_type=\"widget\" data-settings=\"{&quot;_animation&quot;:&quot;fadeInLeft&quot;}\" data-widget_type=\"image.default\">\n\t\t\t\t<div class=\"elementor-widget-container\">\n\t\t\t\t\t\t\t\t\t\t\t\t\t\t\t<img decoding=\"async\" width=\"2000\" height=\"1335\" src=\"https:\/\/metaforumbrasil.com\/wp-content\/uploads\/2025\/03\/metaforum-brasil-LUANA-TRENTIN-02.jpg\" class=\"attachment-full size-full wp-image-1323\" alt=\"\" srcset=\"https:\/\/metaforumbrasil.com\/wp-content\/uploads\/2025\/03\/metaforum-brasil-LUANA-TRENTIN-02.jpg 2000w, https:\/\/metaforumbrasil.com\/wp-content\/uploads\/2025\/03\/metaforum-brasil-LUANA-TRENTIN-02-300x200.jpg 300w, https:\/\/metaforumbrasil.com\/wp-content\/uploads\/2025\/03\/metaforum-brasil-LUANA-TRENTIN-02-1024x684.jpg 1024w, https:\/\/metaforumbrasil.com\/wp-content\/uploads\/2025\/03\/metaforum-brasil-LUANA-TRENTIN-02-768x513.jpg 768w, https:\/\/metaforumbrasil.com\/wp-content\/uploads\/2025\/03\/metaforum-brasil-LUANA-TRENTIN-02-1536x1025.jpg 1536w\" sizes=\"(max-width: 2000px) 100vw, 2000px\" \/>\t\t\t\t\t\t\t\t\t\t\t\t\t\t\t<\/div>\n\t\t\t\t<\/div>\n\t\t\t\t<\/div>\n\t\t<div class=\"elementor-element elementor-element-6161daa6 e-flex e-con-boxed wpr-particle-no wpr-jarallax-no wpr-parallax-no wpr-sticky-section-no e-con e-parent\" data-id=\"6161daa6\" data-element_type=\"container\">\n\t\t\t\t\t<div class=\"e-con-inner\">\n\t\t<div class=\"elementor-element elementor-element-31b29768 e-con-full e-flex wpr-particle-no wpr-jarallax-no wpr-parallax-no wpr-sticky-section-no e-con e-child\" data-id=\"31b29768\" data-element_type=\"container\">\n\t\t\t\t<div class=\"elementor-element elementor-element-f647b92 elementor-widget elementor-widget-heading\" data-id=\"f647b92\" data-element_type=\"widget\" data-widget_type=\"heading.default\">\n\t\t\t\t<div class=\"elementor-widget-container\">\n\t\t\t\t\t<h6 class=\"elementor-heading-title elementor-size-default\">METAFORUM BRASIL<\/h6>\t\t\t\t<\/div>\n\t\t\t\t<\/div>\n\t\t\t\t<div class=\"elementor-element elementor-element-2d40b8b elementor-widget elementor-widget-heading\" data-id=\"2d40b8b\" data-element_type=\"widget\" data-widget_type=\"heading.default\">\n\t\t\t\t<div class=\"elementor-widget-container\">\n\t\t\t\t\t<h2 class=\"elementor-heading-title elementor-size-default\">Essa \u00e9 a minha miss\u00e3o!<\/h2>\t\t\t\t<\/div>\n\t\t\t\t<\/div>\n\t\t\t\t<div class=\"elementor-element elementor-element-15a81875 elementor-widget elementor-widget-heading\" data-id=\"15a81875\" data-element_type=\"widget\" data-widget_type=\"heading.default\">\n\t\t\t\t<div class=\"elementor-widget-container\">\n\t\t\t\t\t<div class=\"elementor-heading-title elementor-size-default\">Cuidar da alma do Metaforum, manter vivo o legado de Bernd Isert e abrir caminhos para que novas gera\u00e7\u00f5es possam florescer com consci\u00eancia, coragem e verdade.\n\nMas tamb\u00e9m estou aqui para afirmar algo importante: O Metaforum \u00e9 um campo f\u00e9rtil, inteligente e altamente conectado para neg\u00f3cios com alma.\n\nNeste novo ciclo, estamos ampliando o campo \u2014 onde antes germinava apenas o autoconhecimento, agora florescem tamb\u00e9m parcerias, ideias e empreendimento conscientes.<\/div>\t\t\t\t<\/div>\n\t\t\t\t<\/div>\n\t\t\t\t<div class=\"elementor-element elementor-element-a50c102 elementor-widget elementor-widget-button\" data-id=\"a50c102\" data-element_type=\"widget\" data-widget_type=\"button.default\">\n\t\t\t\t<div class=\"elementor-widget-container\">\n\t\t\t\t\t\t\t\t\t<div class=\"elementor-button-wrapper\">\n\t\t\t\t\t<a class=\"elementor-button elementor-button-link elementor-size-sm\" href=\"https:\/\/metaforumbrasil.com\/?page_id=84\">\n\t\t\t\t\t\t<span class=\"elementor-button-content-wrapper\">\n\t\t\t\t\t\t\t\t\t<span class=\"elementor-button-text\">Programa\u00e7\u00e3o 2026<\/span>\n\t\t\t\t\t<\/span>\n\t\t\t\t\t<\/a>\n\t\t\t\t<\/div>\n\t\t\t\t\t\t\t\t<\/div>\n\t\t\t\t<\/div>\n\t\t\t\t<\/div>\n\t\t<div class=\"elementor-element elementor-element-54994035 e-con-full e-flex wpr-particle-no wpr-jarallax-no wpr-parallax-no wpr-sticky-section-no e-con e-child\" data-id=\"54994035\" data-element_type=\"container\">\n\t\t\t\t<\/div>\n\t\t\t\t\t<\/div>\n\t\t\t\t<\/div>\n\t\t<div class=\"elementor-element elementor-element-418d07b e-flex e-con-boxed wpr-particle-no wpr-jarallax-no wpr-parallax-no wpr-sticky-section-no e-con e-parent\" data-id=\"418d07b\" data-element_type=\"container\" data-settings=\"{&quot;background_background&quot;:&quot;classic&quot;}\">\n\t\t\t\t\t<div class=\"e-con-inner\">\n\t\t<div class=\"elementor-element elementor-element-beb9f88 e-con-full e-flex wpr-particle-no wpr-jarallax-no wpr-parallax-no wpr-sticky-section-no e-con e-child\" data-id=\"beb9f88\" data-element_type=\"container\">\n\t\t<div class=\"elementor-element elementor-element-1db6efc e-flex e-con-boxed wpr-particle-no wpr-jarallax-no wpr-parallax-no wpr-sticky-section-no elementor-invisible e-con e-child\" data-id=\"1db6efc\" data-element_type=\"container\" data-settings=\"{&quot;background_background&quot;:&quot;classic&quot;,&quot;animation&quot;:&quot;fadeInLeft&quot;}\">\n\t\t\t\t\t<div class=\"e-con-inner\">\n\t\t\t\t<div class=\"elementor-element elementor-element-d4fff4e elementor-widget elementor-widget-heading\" data-id=\"d4fff4e\" data-element_type=\"widget\" data-widget_type=\"heading.default\">\n\t\t\t\t<div class=\"elementor-widget-container\">\n\t\t\t\t\t<h6 class=\"elementor-heading-title elementor-size-default\">O Novo Metaforum: Neg\u00f3cios com Ra\u00edzes<\/h6>\t\t\t\t<\/div>\n\t\t\t\t<\/div>\n\t\t\t\t<div class=\"elementor-element elementor-element-816d329 elementor-widget elementor-widget-heading\" data-id=\"816d329\" data-element_type=\"widget\" data-widget_type=\"heading.default\">\n\t\t\t\t<div class=\"elementor-widget-container\">\n\t\t\t\t\t<h4 class=\"elementor-heading-title elementor-size-default\">Aqui, networking n\u00e3o \u00e9 troca de cart\u00f5es.\n\u00c9 encontro entre prop\u00f3sitos.\n\u00c9 onde terapeutas conhecem empres\u00e1rios, onde mentores se tornam s\u00f3cios, onde ideias ganham forma com verdade.\nCriamos um campo de confian\u00e7a e profundidade \u2014 e \u00e9 nesse solo que surgem projetos, alian\u00e7as e solu\u00e7\u00f5es que fazem sentido para o mundo.\nEssa nova narrativa j\u00e1 est\u00e1 viva.\nE estou comprometida em cultiv\u00e1-la com discernimento, estrutura e amor.\nEspiritualidade como base do fazer.\nMinha jornada \u00e9 ancorada em f\u00e9, escuta e confian\u00e7a no invis\u00edvel.\nAcredito que Deus guia cada movimento e que o verdadeiro impacto nasce de dentro para fora.\nPor isso, mesmo ao falar de neg\u00f3cios e conex\u00f5es, falo com alma.\n<\/h4>\t\t\t\t<\/div>\n\t\t\t\t<\/div>\n\t\t\t\t<div class=\"elementor-element elementor-element-63a4d06 elementor-widget elementor-widget-text-editor\" data-id=\"63a4d06\" data-element_type=\"widget\" data-widget_type=\"text-editor.default\">\n\t\t\t\t<div class=\"elementor-widget-container\">\n\t\t\t\t\t\t\t\t\t<h4><strong>Convido voc\u00ea a participar!<\/strong><\/h4><p>Se voc\u00ea sente resson\u00e2ncia com essa proposta \u2014 crescer com prop\u00f3sito, aprender em comunidade e transformar-se de dentro para fora \u2014 <strong>seja bem-vindo(a) ao Metaforum Brasil! <\/strong>Chegou a hora de expandir com consci\u00eancia, se busca um lugar onde possa crescer com verdade e construir com ra\u00edzes, o Metaforum \u00e9 seu tamb\u00e9m.<\/p><p>Aqui, cada experi\u00eancia \u00e9 um convite \u00e0 conex\u00e3o profunda, \u00e0 expans\u00e3o da consci\u00eancia e ao florescer\u00a0da\u00a0alma.<\/p><p>Sou Luana, e estou aqui para sustentar esse campo f\u00e9rtil \u2014 onde transforma\u00e7\u00e3o, neg\u00f3cios e espiritualidade se entrela\u00e7am\u00a0com\u00a0sentido.<\/p><p><strong>Vamos juntos?<\/strong><\/p>\t\t\t\t\t\t\t\t<\/div>\n\t\t\t\t<\/div>\n\t\t\t\t<div class=\"elementor-element elementor-element-b1d0450 elementor-widget elementor-widget-button\" data-id=\"b1d0450\" data-element_type=\"widget\" data-widget_type=\"button.default\">\n\t\t\t\t<div class=\"elementor-widget-container\">\n\t\t\t\t\t\t\t\t\t<div class=\"elementor-button-wrapper\">\n\t\t\t\t\t<a class=\"elementor-button elementor-button-link elementor-size-sm\" href=\"https:\/\/metaforumbrasil.com\/?page_id=84\">\n\t\t\t\t\t\t<span class=\"elementor-button-content-wrapper\">\n\t\t\t\t\t\t\t\t\t<span class=\"elementor-button-text\">conhe\u00e7a aqui!<\/span>\n\t\t\t\t\t<\/span>\n\t\t\t\t\t<\/a>\n\t\t\t\t<\/div>\n\t\t\t\t\t\t\t\t<\/div>\n\t\t\t\t<\/div>\n\t\t\t\t\t<\/div>\n\t\t\t\t<\/div>\n\t\t\t\t<\/div>\n\t\t\t\t\t<\/div>\n\t\t\t\t<\/div>\n\t\t\t\t<\/div>\n\t\t","protected":false},"excerpt":{"rendered":"<p>Conhe\u00e7a Luana Clara Nunes Trentin CEO e Gestora do Metaforum Brasil. Turism\u00f3loga com P\u00f3s Gradua\u00e7\u00e3o e MBA em Gest\u00e3o em Empresarial. sobre mim Sou Luana Trentin, turism\u00f3loga com P\u00f3s-Gradua\u00e7\u00e3o e MBA em Gest\u00e3o Empresarial, dedicada \u00e0 ess\u00eancia do desenvolvimento humano e espiritual. Desde 2014, quando fui apresentada ao Metaforum por minha tia Cec\u00edlia Costa, minha vida se entrela\u00e7ou com este projeto, guiado por Bernd Isert \u2014 que me acolheu, confiou e ensinou profundamente. Com o cora\u00e7\u00e3o nas m\u00e3os e os p\u00e9s na terra, sigo construindo, aprendendo e entregando cada passo ao prop\u00f3sito que me escolheu. Iniciei atendendo clientes e, ao sentir que encontrei meu lugar, mergulhei de cora\u00e7\u00e3o na miss\u00e3o do Metaforum. Ao longo de uma d\u00e9cada, cresci sob a orienta\u00e7\u00e3o de mestres como Bernd Isert, Cec\u00edlia Costa, Zeca Ruiz, Dominik, Cl\u00e9cia e Gunther \u2014 cada encontro refor\u00e7ando minha gratid\u00e3o e compromisso. Atualmente, sou psicoterapeuta, gestora e CEO do Metaforum Brasil, atuando como \u00fanica propriet\u00e1ria e mantenedora da institui\u00e7\u00e3o. Nada disso seria poss\u00edvel, sem a minha fam\u00edlia \u2013 meu marido e filhas que al\u00e9m de me apoiarem tamb\u00e9m fazem parte deste crescimento. Autenticidade e humanidade s\u00e3o a base do meu trabalho: me vejo como um canal vivo que acolhe, escuta e conecta cora\u00e7\u00f5es e almas. A espiritualidade \u00e9 parte vital \u2013 mantenho meu cora\u00e7\u00e3o conectado a Deus e aos guias espirituais, reconhecendo neles luz e orienta\u00e7\u00e3o. Vivo com dedica\u00e7\u00e3o plena a uma frase que traduza meu ethos: \u201cAo Senhor, toda a honra, gl\u00f3ria e louvor. Que sua gra\u00e7a me guie, sua sabedoria me ensine e seu amor me transforme a cada dia.\u201d\u00a0 Lidero uma comunidade formada por mestres, treinadores, equipe t\u00e9cnica e participantes, unidos por um prop\u00f3sito maior: desenvolver pessoas e neg\u00f3cios com consci\u00eancia, bem-estar, profundidade sist\u00eamica e evolu\u00e7\u00e3o para a Nova Era e dar continuidade a pot\u00eancia do Campo Metaforum criada pelo Bernd Isert e seguir com o legado. Estou rodeada por uma equipe de confian\u00e7a: Marcelo Ricardo \u2013 Produ\u00e7\u00e3o Equipe WTND \u2013 Marketing e Social M\u00eddia. E muitos outros que caminham com cora\u00e7\u00e3o aberto. METAFORUM BRASIL Essa \u00e9 a minha miss\u00e3o! Cuidar da alma do Metaforum, manter vivo o legado de Bernd Isert e abrir caminhos para que novas gera\u00e7\u00f5es possam florescer com consci\u00eancia, coragem e verdade. Mas tamb\u00e9m estou aqui para afirmar algo importante: O Metaforum \u00e9 um campo f\u00e9rtil, inteligente e altamente conectado para neg\u00f3cios com alma. Neste novo ciclo, estamos ampliando o campo \u2014 onde antes germinava apenas o autoconhecimento, agora florescem tamb\u00e9m parcerias, ideias e empreendimento conscientes. Programa\u00e7\u00e3o 2026 Vis\u00e3o de Futuro Quero expandir o Metaforum para novas gera\u00e7\u00f5es e horizontes, fortalecendo a ponte entre buscadores, canais e fontes de transforma\u00e7\u00e3o, mudan\u00e7a e evolu\u00e7\u00e3o. Acredito que o verdadeiro desenvolvimento nasce da presen\u00e7a, do cuidado com as ra\u00edzes e da experi\u00eancia integrada entre mente, corpo e esp\u00edrito. O Novo Metaforum: Neg\u00f3cios com Ra\u00edzes Aqui, networking n\u00e3o \u00e9 troca de cart\u00f5es. \u00c9 encontro entre prop\u00f3sitos. \u00c9 onde terapeutas conhecem empres\u00e1rios, onde mentores se tornam s\u00f3cios, onde ideias ganham forma com verdade. Criamos um campo de confian\u00e7a e profundidade \u2014 e \u00e9 nesse solo que surgem projetos, alian\u00e7as e solu\u00e7\u00f5es que fazem sentido para o mundo. Essa nova narrativa j\u00e1 est\u00e1 viva. E estou comprometida em cultiv\u00e1-la com discernimento, estrutura e amor. Espiritualidade como base do fazer. Minha jornada \u00e9 ancorada em f\u00e9, escuta e confian\u00e7a no invis\u00edvel. Acredito que Deus guia cada movimento e que o verdadeiro impacto nasce de dentro para fora. Por isso, mesmo ao falar de neg\u00f3cios e conex\u00f5es, falo com alma. Convido voc\u00ea a participar! Se voc\u00ea sente resson\u00e2ncia com essa proposta \u2014 crescer com prop\u00f3sito, aprender em comunidade e transformar-se de dentro para fora \u2014 seja bem-vindo(a) ao Metaforum Brasil! Chegou a hora de expandir com consci\u00eancia, se busca um lugar onde possa crescer com verdade e construir com ra\u00edzes, o Metaforum \u00e9 seu tamb\u00e9m. Aqui, cada experi\u00eancia \u00e9 um convite \u00e0 conex\u00e3o profunda, \u00e0 expans\u00e3o da consci\u00eancia e ao florescer\u00a0da\u00a0alma. Sou Luana, e estou aqui para sustentar esse campo f\u00e9rtil \u2014 onde transforma\u00e7\u00e3o, neg\u00f3cios e espiritualidade se entrela\u00e7am\u00a0com\u00a0sentido. Vamos juntos? conhe\u00e7a aqui!<\/p>\n","protected":false},"author":1,"featured_media":0,"parent":0,"menu_order":0,"comment_status":"closed","ping_status":"closed","template":"elementor_header_footer","meta":{"footnotes":""},"class_list":["post-1297","page","type-page","status-publish","hentry"],"_links":{"self":[{"href":"https:\/\/metaforumbrasil.com\/index.php?rest_route=\/wp\/v2\/pages\/1297"}],"collection":[{"href":"https:\/\/metaforumbrasil.com\/index.php?rest_route=\/wp\/v2\/pages"}],"about":[{"href":"https:\/\/metaforumbrasil.com\/index.php?rest_route=\/wp\/v2\/types\/page"}],"author":[{"embeddable":true,"href":"https:\/\/metaforumbrasil.com\/index.php?rest_route=\/wp\/v2\/users\/1"}],"replies":[{"embeddable":true,"href":"https:\/\/metaforumbrasil.com\/index.php?rest_route=%2Fwp%2Fv2%2Fcomments&post=1297"}],"version-history":[{"count":74,"href":"https:\/\/metaforumbrasil.com\/index.php?rest_route=\/wp\/v2\/pages\/1297\/revisions"}],"predecessor-version":[{"id":3687,"href":"https:\/\/metaforumbrasil.com\/index.php?rest_route=\/wp\/v2\/pages\/1297\/revisions\/3687"}],"wp:attachment":[{"href":"https:\/\/metaforumbrasil.com\/index.php?rest_route=%2Fwp%2Fv2%2Fmedia&parent=1297"}],"curies":[{"name":"wp","href":"https:\/\/api.w.org\/{rel}","templated":true}]}}